{"id":157,"date":"2024-10-10T23:42:04","date_gmt":"2024-10-10T23:42:04","guid":{"rendered":"https:\/\/contratodigitalcetc.com\/?page_id=157"},"modified":"2024-10-21T20:30:30","modified_gmt":"2024-10-22T01:30:30","slug":"aviso-de-privacidad-cetc","status":"publish","type":"page","link":"https:\/\/contratodigitalcetc.com\/index.php\/aviso-de-privacidad-cetc\/","title":{"rendered":"Aviso de Privacidad CETC"},"content":{"rendered":"\t\t<div data-elementor-type=\"wp-page\" data-elementor-id=\"157\" class=\"elementor elementor-157\">\n\t\t\t\t<div class=\"elementor-element elementor-element-57407af e-flex e-con-boxed e-con e-parent\" data-id=\"57407af\" data-element_type=\"container\" data-settings=\"{&quot;background_background&quot;:&quot;classic&quot;}\">\n\t\t\t\t\t<div class=\"e-con-inner\">\n\t\t<div class=\"elementor-element elementor-element-eeb8410 e-con-full e-flex e-con e-child\" data-id=\"eeb8410\" data-element_type=\"container\">\n\t\t\t\t<div class=\"elementor-element elementor-element-168b397 elementor-align-center elementor-widget elementor-widget-button\" data-id=\"168b397\" data-element_type=\"widget\" data-widget_type=\"button.default\">\n\t\t\t\t<div class=\"elementor-widget-container\">\n\t\t\t\t\t<div class=\"elementor-button-wrapper\">\n\t\t\t<a class=\"elementor-button elementor-button-link elementor-size-sm\" href=\"https:\/\/contratodigitalcetc.com\/\">\n\t\t\t\t\t\t<span class=\"elementor-button-content-wrapper\">\n\t\t\t\t\t\t\t\t\t<span class=\"elementor-button-text\">Home<\/span>\n\t\t\t\t\t<\/span>\n\t\t\t\t\t<\/a>\n\t\t<\/div>\n\t\t\t\t<\/div>\n\t\t\t\t<\/div>\n\t\t\t\t<\/div>\n\t\t<div class=\"elementor-element elementor-element-8676867 e-con-full e-flex e-con e-child\" data-id=\"8676867\" data-element_type=\"container\">\n\t\t\t\t<div class=\"elementor-element elementor-element-d0139d7 elementor-widget elementor-widget-image\" data-id=\"d0139d7\" data-element_type=\"widget\" data-widget_type=\"image.default\">\n\t\t\t\t<div class=\"elementor-widget-container\">\n\t\t\t\t\t\t\t\t\t\t\t\t\t\t<a href=\"https:\/\/contratodigitalcetc.com\/\">\n\t\t\t\t\t\t\t<img fetchpriority=\"high\" decoding=\"async\" width=\"580\" height=\"214\" src=\"https:\/\/contratodigitalcetc.com\/wp-content\/uploads\/2024\/10\/logo-web-cetc.png\" class=\"attachment-large size-large wp-image-22\" alt=\"\" srcset=\"https:\/\/contratodigitalcetc.com\/wp-content\/uploads\/2024\/10\/logo-web-cetc.png 1000w, https:\/\/contratodigitalcetc.com\/wp-content\/uploads\/2024\/10\/logo-web-cetc-300x111.png 300w, https:\/\/contratodigitalcetc.com\/wp-content\/uploads\/2024\/10\/logo-web-cetc-768x283.png 768w\" sizes=\"(max-width: 580px) 100vw, 580px\" \/>\t\t\t\t\t\t\t\t<\/a>\n\t\t\t\t\t\t\t\t\t\t\t\t\t<\/div>\n\t\t\t\t<\/div>\n\t\t\t\t<\/div>\n\t\t<div class=\"elementor-element elementor-element-053fcea e-con-full e-flex e-con e-child\" data-id=\"053fcea\" data-element_type=\"container\">\n\t\t\t\t<div class=\"elementor-element elementor-element-e635006 elementor-align-center elementor-widget elementor-widget-button\" data-id=\"e635006\" data-element_type=\"widget\" data-widget_type=\"button.default\">\n\t\t\t\t<div class=\"elementor-widget-container\">\n\t\t\t\t\t<div class=\"elementor-button-wrapper\">\n\t\t\t<a class=\"elementor-button elementor-button-link elementor-size-sm\" href=\"https:\/\/contratodigitalcetc.com\/index.php\/aviso-de-privacidad-cetc-en\/\">\n\t\t\t\t\t\t<span class=\"elementor-button-content-wrapper\">\n\t\t\t\t\t\t\t\t\t<span class=\"elementor-button-text\">English<\/span>\n\t\t\t\t\t<\/span>\n\t\t\t\t\t<\/a>\n\t\t<\/div>\n\t\t\t\t<\/div>\n\t\t\t\t<\/div>\n\t\t\t\t<\/div>\n\t\t\t\t\t<\/div>\n\t\t\t\t<\/div>\n\t\t<div class=\"elementor-element elementor-element-5080a23 e-flex e-con-boxed e-con e-parent\" data-id=\"5080a23\" data-element_type=\"container\" data-settings=\"{&quot;background_background&quot;:&quot;classic&quot;}\">\n\t\t\t\t\t<div class=\"e-con-inner\">\n\t\t\t\t<div class=\"elementor-element elementor-element-de02184 elementor-widget elementor-widget-spacer\" data-id=\"de02184\" data-element_type=\"widget\" data-widget_type=\"spacer.default\">\n\t\t\t\t<div class=\"elementor-widget-container\">\n\t\t\t\t\t<div class=\"elementor-spacer\">\n\t\t\t<div class=\"elementor-spacer-inner\"><\/div>\n\t\t<\/div>\n\t\t\t\t<\/div>\n\t\t\t\t<\/div>\n\t\t\t\t\t<\/div>\n\t\t\t\t<\/div>\n\t\t<div class=\"elementor-element elementor-element-dce24ef e-flex e-con-boxed e-con e-parent\" data-id=\"dce24ef\" data-element_type=\"container\" data-settings=\"{&quot;background_background&quot;:&quot;classic&quot;}\">\n\t\t\t\t\t<div class=\"e-con-inner\">\n\t\t\t\t<div class=\"elementor-element elementor-element-1a10196 elementor-widget elementor-widget-heading\" data-id=\"1a10196\" data-element_type=\"widget\" data-widget_type=\"heading.default\">\n\t\t\t\t<div class=\"elementor-widget-container\">\n\t\t\t<h2 class=\"elementor-heading-title elementor-size-default\">AVISO DE PRIVACIDAD, Simplificado<\/h2>\t\t<\/div>\n\t\t\t\t<\/div>\n\t\t\t\t<div class=\"elementor-element elementor-element-e0e9c45 elementor-widget elementor-widget-text-editor\" data-id=\"e0e9c45\" data-element_type=\"widget\" data-widget_type=\"text-editor.default\">\n\t\t\t\t<div class=\"elementor-widget-container\">\n\t\t\t\t\t\t\t<p>\u00a0<\/p><ol><li>El responsable del tratamiento de sus datos personales es\u00a0<strong>Imperial Escapes, S.A. DE C.V.<\/strong>, en relaci\u00f3n a todas sus unidades de negocio (en adelante denominadas, en conjunto, como \u201cImperial Escapes o CETC\u201d) quien se compromete a respetar lo establecido en su Aviso de Privacidad Integral y en la Ley Federal de Protecci\u00f3n de Datos Personales en Posesi\u00f3n de los Particulares y su respectivo Reglamento.<\/li><li><strong>Imperial Escapes<\/strong>\u00a0tiene domicilio en Supermanzana 03 Mz. 09 Lt. 19, Canc\u00fan, Quintana Roo, C.P. 77500, M\u00e9xico.<\/li><li><strong>Imperial Escapes<\/strong>, por s\u00ed misma y\/o a trav\u00e9s de encargados, podr\u00e1 tratar los datos personales del TITULAR, de conformidad al tipo de relaci\u00f3n que tenga con \u00e9l, para las siguientes finalidades primarias:<\/li><\/ol><p><strong>\u00a0 3.1.<\/strong>\u00a0En relaci\u00f3n con el TITULAR\u2013Cliente o Prospecto de Cliente, para:<\/p><ul><li>a) Proporcionarle los productos o servicios contratados por el TITULAR-Cliente.<\/li><li>b) Contactarlo v\u00eda telef\u00f3nica, por correo electr\u00f3nico, por redes sociales u otra plataforma de mensajer\u00eda electr\u00f3nica, para atender y dar seguimiento a las solicitudes de productos y\/o servicios ofrecidos por\u00a0<strong>Imperial Escapes.<\/strong><\/li><li>c) Para brindarle los productos o servicios que\u00a0<strong>Imperial Escapes\u00a0<\/strong>comercialice, conforme a las solicitudes formuladas a trav\u00e9s de cualquier medio, para que pueda beneficiarse de ellos.<\/li><li>d) Para contactarlo por cualquier medio, a fin de realizar aclaraciones y seguimiento sobre requerimientos, solicitudes, pagos, quejas, comentarios o cualquier otra situaci\u00f3n derivada de los productos y\/o servicios proporcionados por\u00a0<strong>Imperial Escapes.<\/strong><\/li><li>e) Registrar y actualizar los datos en el sistema de administraci\u00f3n empresarial interno, para el acceso a los datos personales por las personas que\u00a0<strong>Imperial Escapes<\/strong>\u00a0tenga autorizadas para ello.<\/li><li>f) Realizar contacto con el TITULAR-Cliente para llevar a cabo la gesti\u00f3n y cobranza de adeudos; en su caso, contactar a las personas que el TITULAR-Cliente haya autorizado como contactos de pago.<\/li><li>g) Realizar y almacenar un expediente f\u00edsico y\/o electr\u00f3nico del TITULAR-Cliente durante el tiempo que dure la relaci\u00f3n comercial y hasta por 10-diez a\u00f1os posteriores a la terminaci\u00f3n de la misma.<\/li><li>h) Elaboraci\u00f3n y resguardo de facturaci\u00f3n electr\u00f3nica y notas de cr\u00e9dito derivadas de los servicios y\/o productos que comercialice\u00a0<strong>Imperial Escapes<\/strong>.<\/li><li>i) Generar un registro en la base de datos de prospectos de Clientes, que ser\u00e1 conservado por hasta 10-diez a\u00f1os.<\/li><li>j) Realizar transacciones con instituciones de cr\u00e9dito, que resulten con motivo de las operaciones comerciales.<\/li><li>k) Solicitar referencias en el Bur\u00f3 de Cr\u00e9dito.<\/li><\/ul><p><strong>\u00a0 3.2.<\/strong>\u00a0En relaci\u00f3n con el TITULAR\u2013Usuario de la P\u00e1gina de Internet de\u00a0<strong>Imperial Escapes<\/strong>, para:<\/p><ul><li>a) Contactar al TITULAR-Usuario de la P\u00e1gina de Internet de\u00a0<strong>Imperial Escapes<\/strong>, v\u00eda correo electr\u00f3nico, v\u00eda telef\u00f3nica, por redes sociales o por cualquier otro medio, para atender y dar seguimiento a sus comentarios o solicitudes de servicios o productos.<\/li><li>b) Para acceder a las redes sociales en las que participa\u00a0<strong>Imperial Escapes<\/strong>.<\/li><li>c) Almacenar en diferentes bases de datos, en formato f\u00edsico o electr\u00f3nico, la informaci\u00f3n del TITULAR-Usuario; dichos registros ser\u00e1n almacenados por el t\u00e9rmino de 5-cinco a\u00f1os, contados a partir de su obtenci\u00f3n.<\/li><\/ul><p><strong>3.3.<\/strong>\u00a0En relaci\u00f3n al TITULAR\u2013Visitante a las instalaciones f\u00edsicas de\u00a0<strong>Imperial Escapes<\/strong>, para:<\/p><ul><li>a) Almacenar en diferentes bases de datos la imagen, as\u00ed como la informaci\u00f3n de los visitantes al domicilio de\u00a0<strong>Imperial Escapes<\/strong>, con la finalidad de mantener el control de las entradas y salidas de quienes visitan sus instalaciones, lo que forma parte de las medidas de seguridad adoptadas al interior de esta. Las im\u00e1genes obtenidas a trav\u00e9s de los servicios de videovigilancia ser\u00e1n conservadas hasta por un plazo de 6-seis meses desde que las mismas fueron obtenidas. Los dem\u00e1s datos personales recolectados ser\u00e1n conservados por el plazo de hasta 1-un a\u00f1o desde que los mismos son obtenidos.<\/li><\/ul><p>4. Los datos personales del TITULAR podr\u00e1n ser tratados para las siguientes finalidades secundarias:<\/p><ul><li>a) Para el caso de EL TITULAR-Cliente, evaluar la calidad de los servicios y\/o productos ofrecidos, as\u00ed como la calidad de atenci\u00f3n a sus comentarios o solicitudes.<\/li><li>b) Realizar estudios internos sobre h\u00e1bitos de consumo.<\/li><li>c) Para proporcionarle comunicaciones adicionales, informaci\u00f3n y promociones, lanzamiento de nuevos productos, cambios de imagen, boletines informativos y de noticias.<\/li><li>d) Informar v\u00eda correo electr\u00f3nico sobre cambios o nuevos productos o servicios que est\u00e9n relacionados con los solicitados por el TITULAR.<\/li><li>e) Generar informes internos sobre la utilizaci\u00f3n de la P\u00e1gina de Internet de\u00a0<strong>Imperial Escapes<\/strong>.<\/li><li>f) Env\u00edos masivos de mail de publicidad.<\/li><li>g) Para contactar al TITULAR-Usuario de la P\u00e1gina de Internet de\u00a0<strong>Imperial Escapes<\/strong>\u00a0a fin de informarle de actualizaciones a la misma, mensajes informativos y relativos a servicios, incluyendo actualizaciones de seguridad importantes.<\/li><li>h) Para informarle y\/o invitarle a participar de eventos organizados por\u00a0<strong>Imperial Escapes<\/strong>\u00a0o los socios comerciales de \u00e9sta.<\/li><li>i) Enviar correos electr\u00f3nicos de felicitaciones de fin de a\u00f1o o d\u00edas festivos.<\/li><\/ul><p>En caso de que el TITULAR no desee que sus datos personales sean utilizados para todas o algunas de las Finalidades Secundarias que se establecen en el apartado anterior deber\u00e1 enviar al correo electr\u00f3nico adminoperations@centurionexecutive.com una solicitud de eliminaci\u00f3n de sus datos, especificando las finalidades para las que desea que no sean tratados sus datos personales.<\/p><ol start=\"5\"><li>El TITULAR podr\u00e1 acceder al Aviso de Privacidad Integral de\u00a0<strong>Imperial Escapes<\/strong>\u00a0ingresando a la p\u00e1gina de internet cuya direcci\u00f3n electr\u00f3nica es www.centurionexecutive.com all\u00ed en el apartado correspondiente a Pol\u00edtica de Privacidad.<\/li><\/ol><p><em>La versi\u00f3n en ingl\u00e9s de este documento es s\u00f3lo por cortes\u00eda y carece de validez legal, por lo que en caso de controversia prevalecer\u00e1 el texto en espa\u00f1ol.<\/em><\/p>\t\t\t\t\t\t<\/div>\n\t\t\t\t<\/div>\n\t\t\t\t\t<\/div>\n\t\t\t\t<\/div>\n\t\t<div class=\"elementor-element elementor-element-4d9e4cd e-flex e-con-boxed e-con e-parent\" data-id=\"4d9e4cd\" data-element_type=\"container\" data-settings=\"{&quot;background_background&quot;:&quot;classic&quot;}\">\n\t\t\t\t\t<div class=\"e-con-inner\">\n\t\t\t\t<div class=\"elementor-element elementor-element-39a1d6f elementor-widget elementor-widget-text-editor\" data-id=\"39a1d6f\" data-element_type=\"widget\" data-widget_type=\"text-editor.default\">\n\t\t\t\t<div class=\"elementor-widget-container\">\n\t\t\t\t\t\t\t<p>Todos los Derechos Reservados | <span style=\"color: #ffffff;\"><a style=\"color: #ffffff;\" href=\"https:\/\/contratodigitalcetc.com\/index.php\/aviso-de-privacidad-cetc\/\">Aviso de Privacidad<\/a><\/span><\/p>\t\t\t\t\t\t<\/div>\n\t\t\t\t<\/div>\n\t\t\t\t\t<\/div>\n\t\t\t\t<\/div>\n\t\t\t\t<\/div>\n\t\t","protected":false},"excerpt":{"rendered":"<p>Home English AVISO DE PRIVACIDAD, Simplificado \u00a0 El responsable del tratamiento de sus datos personales es\u00a0Imperial Escapes, S.A. DE C.V., en relaci\u00f3n a todas sus unidades de negocio (en adelante denominadas, en conjunto, como \u201cImperial Escapes o CETC\u201d) quien se compromete a respetar lo establecido en su Aviso de Privacidad Integral y en la Ley [&hellip;]<\/p>\n","protected":false},"author":1,"featured_media":0,"parent":0,"menu_order":0,"comment_status":"closed","ping_status":"closed","template":"elementor_canvas","meta":{"footnotes":""},"class_list":["post-157","page","type-page","status-publish","hentry"],"_links":{"self":[{"href":"https:\/\/contratodigitalcetc.com\/index.php\/wp-json\/wp\/v2\/pages\/157","targetHints":{"allow":["GET"]}}],"collection":[{"href":"https:\/\/contratodigitalcetc.com\/index.php\/wp-json\/wp\/v2\/pages"}],"about":[{"href":"https:\/\/contratodigitalcetc.com\/index.php\/wp-json\/wp\/v2\/types\/page"}],"author":[{"embeddable":true,"href":"https:\/\/contratodigitalcetc.com\/index.php\/wp-json\/wp\/v2\/users\/1"}],"replies":[{"embeddable":true,"href":"https:\/\/contratodigitalcetc.com\/index.php\/wp-json\/wp\/v2\/comments?post=157"}],"version-history":[{"count":31,"href":"https:\/\/contratodigitalcetc.com\/index.php\/wp-json\/wp\/v2\/pages\/157\/revisions"}],"predecessor-version":[{"id":470,"href":"https:\/\/contratodigitalcetc.com\/index.php\/wp-json\/wp\/v2\/pages\/157\/revisions\/470"}],"wp:attachment":[{"href":"https:\/\/contratodigitalcetc.com\/index.php\/wp-json\/wp\/v2\/media?parent=157"}],"curies":[{"name":"wp","href":"https:\/\/api.w.org\/{rel}","templated":true}]}}