{"id":18,"date":"2024-10-08T23:58:59","date_gmt":"2024-10-08T23:58:59","guid":{"rendered":"https:\/\/contratodigitalcetc.com\/?page_id=18"},"modified":"2025-07-17T11:46:08","modified_gmt":"2025-07-17T16:46:08","slug":"home","status":"publish","type":"page","link":"https:\/\/contratodigitalcetc.com\/","title":{"rendered":"Home"},"content":{"rendered":"\t\t<div data-elementor-type=\"wp-page\" data-elementor-id=\"18\" class=\"elementor elementor-18\">\n\t\t\t\t<div class=\"elementor-element elementor-element-2e67559d e-flex e-con-boxed e-con e-parent\" data-id=\"2e67559d\" data-element_type=\"container\" data-settings=\"{&quot;background_background&quot;:&quot;classic&quot;}\">\n\t\t\t\t\t<div class=\"e-con-inner\">\n\t\t<div class=\"elementor-element elementor-element-36be02ef e-con-full e-flex e-con e-child\" data-id=\"36be02ef\" data-element_type=\"container\">\n\t\t\t\t<div class=\"elementor-element elementor-element-93c22e8 elementor-align-center elementor-widget elementor-widget-button\" data-id=\"93c22e8\" data-element_type=\"widget\" data-widget_type=\"button.default\">\n\t\t\t\t<div class=\"elementor-widget-container\">\n\t\t\t\t\t<div class=\"elementor-button-wrapper\">\n\t\t\t<a class=\"elementor-button elementor-button-link elementor-size-sm\" href=\"https:\/\/contratodigitalcetc.com\/\">\n\t\t\t\t\t\t<span class=\"elementor-button-content-wrapper\">\n\t\t\t\t\t\t\t\t\t<span class=\"elementor-button-text\">Home<\/span>\n\t\t\t\t\t<\/span>\n\t\t\t\t\t<\/a>\n\t\t<\/div>\n\t\t\t\t<\/div>\n\t\t\t\t<\/div>\n\t\t\t\t<\/div>\n\t\t<div class=\"elementor-element elementor-element-146ad2da e-con-full e-flex e-con e-child\" data-id=\"146ad2da\" data-element_type=\"container\">\n\t\t\t\t<div class=\"elementor-element elementor-element-134a9bb6 elementor-widget elementor-widget-image\" data-id=\"134a9bb6\" data-element_type=\"widget\" data-widget_type=\"image.default\">\n\t\t\t\t<div class=\"elementor-widget-container\">\n\t\t\t\t\t\t\t\t\t\t\t\t\t\t<a href=\"https:\/\/contratodigitalcetc.com\/\">\n\t\t\t\t\t\t\t<img fetchpriority=\"high\" decoding=\"async\" width=\"580\" height=\"214\" src=\"https:\/\/contratodigitalcetc.com\/wp-content\/uploads\/2024\/10\/logo-web-cetc.png\" class=\"attachment-large size-large wp-image-22\" alt=\"\" srcset=\"https:\/\/contratodigitalcetc.com\/wp-content\/uploads\/2024\/10\/logo-web-cetc.png 1000w, https:\/\/contratodigitalcetc.com\/wp-content\/uploads\/2024\/10\/logo-web-cetc-300x111.png 300w, https:\/\/contratodigitalcetc.com\/wp-content\/uploads\/2024\/10\/logo-web-cetc-768x283.png 768w\" sizes=\"(max-width: 580px) 100vw, 580px\" \/>\t\t\t\t\t\t\t\t<\/a>\n\t\t\t\t\t\t\t\t\t\t\t\t\t<\/div>\n\t\t\t\t<\/div>\n\t\t\t\t<\/div>\n\t\t<div class=\"elementor-element elementor-element-1ec28993 e-con-full e-flex e-con e-child\" data-id=\"1ec28993\" data-element_type=\"container\">\n\t\t\t\t<div class=\"elementor-element elementor-element-2778692b elementor-align-center elementor-widget elementor-widget-button\" data-id=\"2778692b\" data-element_type=\"widget\" data-widget_type=\"button.default\">\n\t\t\t\t<div class=\"elementor-widget-container\">\n\t\t\t\t\t<div class=\"elementor-button-wrapper\">\n\t\t\t<a class=\"elementor-button elementor-button-link elementor-size-sm\" href=\"https:\/\/contratodigitalcetc.com\/index.php\/home-en\/\">\n\t\t\t\t\t\t<span class=\"elementor-button-content-wrapper\">\n\t\t\t\t\t\t\t\t\t<span class=\"elementor-button-text\">English<\/span>\n\t\t\t\t\t<\/span>\n\t\t\t\t\t<\/a>\n\t\t<\/div>\n\t\t\t\t<\/div>\n\t\t\t\t<\/div>\n\t\t\t\t<\/div>\n\t\t\t\t\t<\/div>\n\t\t\t\t<\/div>\n\t\t<div class=\"elementor-element elementor-element-c8c5ec0 e-flex e-con-boxed e-con e-parent\" data-id=\"c8c5ec0\" data-element_type=\"container\" data-settings=\"{&quot;background_background&quot;:&quot;video&quot;,&quot;background_video_link&quot;:&quot;https:\\\/\\\/contratodigitalcetc.com\\\/wp-content\\\/uploads\\\/2024\\\/10\\\/2653962_Happy_Family_1280x720.mp4&quot;}\">\n\t\t\t\t\t<div class=\"e-con-inner\">\n\t\t<div class=\"elementor-background-video-container elementor-hidden-phone\">\n\t\t\t\t\t\t\t<video class=\"elementor-background-video-hosted elementor-html5-video\" autoplay muted playsinline loop><\/video>\n\t\t\t\t\t<\/div>\t\t<div class=\"elementor-element elementor-element-fd1aac5 elementor-widget elementor-widget-spacer\" data-id=\"fd1aac5\" data-element_type=\"widget\" data-widget_type=\"spacer.default\">\n\t\t\t\t<div class=\"elementor-widget-container\">\n\t\t\t\t\t<div class=\"elementor-spacer\">\n\t\t\t<div class=\"elementor-spacer-inner\"><\/div>\n\t\t<\/div>\n\t\t\t\t<\/div>\n\t\t\t\t<\/div>\n\t\t\t\t\t<\/div>\n\t\t\t\t<\/div>\n\t\t<div class=\"elementor-element elementor-element-4e4cc81 e-flex e-con-boxed e-con e-parent\" data-id=\"4e4cc81\" data-element_type=\"container\" data-settings=\"{&quot;background_background&quot;:&quot;classic&quot;}\">\n\t\t\t\t\t<div class=\"e-con-inner\">\n\t\t\t\t<div class=\"elementor-element elementor-element-4507169 elementor-widget elementor-widget-spacer\" data-id=\"4507169\" data-element_type=\"widget\" data-widget_type=\"spacer.default\">\n\t\t\t\t<div class=\"elementor-widget-container\">\n\t\t\t\t\t<div class=\"elementor-spacer\">\n\t\t\t<div class=\"elementor-spacer-inner\"><\/div>\n\t\t<\/div>\n\t\t\t\t<\/div>\n\t\t\t\t<\/div>\n\t\t\t\t<div class=\"elementor-element elementor-element-7139ea5 elementor-widget elementor-widget-heading\" data-id=\"7139ea5\" data-element_type=\"widget\" data-widget_type=\"heading.default\">\n\t\t\t\t<div class=\"elementor-widget-container\">\n\t\t\t<h2 class=\"elementor-heading-title elementor-size-default\">Proceso de Firmas de Contratos<\/h2>\t\t<\/div>\n\t\t\t\t<\/div>\n\t\t\t\t\t<\/div>\n\t\t\t\t<\/div>\n\t\t<div class=\"elementor-element elementor-element-7b23b8f3 e-flex e-con-boxed e-con e-parent\" data-id=\"7b23b8f3\" data-element_type=\"container\" data-settings=\"{&quot;background_background&quot;:&quot;classic&quot;}\">\n\t\t\t\t\t<div class=\"e-con-inner\">\n\t\t<div class=\"elementor-element elementor-element-64289b5b e-con-full e-flex e-con e-child\" data-id=\"64289b5b\" data-element_type=\"container\">\n\t\t\t\t<div class=\"elementor-element elementor-element-777a8157 elementor-widget elementor-widget-heading\" data-id=\"777a8157\" data-element_type=\"widget\" data-widget_type=\"heading.default\">\n\t\t\t\t<div class=\"elementor-widget-container\">\n\t\t\t<h2 class=\"elementor-heading-title elementor-size-default\">1.- Contrato de Mediaci\u00f3n CETC<\/h2>\t\t<\/div>\n\t\t\t\t<\/div>\n\t\t\t\t<div class=\"elementor-element elementor-element-3813e704 elementor-widget elementor-widget-image\" data-id=\"3813e704\" data-element_type=\"widget\" data-widget_type=\"image.default\">\n\t\t\t\t<div class=\"elementor-widget-container\">\n\t\t\t\t\t\t\t\t\t\t\t\t\t<img decoding=\"async\" width=\"580\" height=\"580\" src=\"https:\/\/contratodigitalcetc.com\/wp-content\/uploads\/2024\/10\/firmar-ilustracion-concepto-contrato_114360-4769.avif\" class=\"attachment-large size-large wp-image-25\" alt=\"\" srcset=\"https:\/\/contratodigitalcetc.com\/wp-content\/uploads\/2024\/10\/firmar-ilustracion-concepto-contrato_114360-4769.avif 626w, https:\/\/contratodigitalcetc.com\/wp-content\/uploads\/2024\/10\/firmar-ilustracion-concepto-contrato_114360-4769-300x300.avif 300w, https:\/\/contratodigitalcetc.com\/wp-content\/uploads\/2024\/10\/firmar-ilustracion-concepto-contrato_114360-4769-150x150.avif 150w\" sizes=\"(max-width: 580px) 100vw, 580px\" \/>\t\t\t\t\t\t\t\t\t\t\t\t\t<\/div>\n\t\t\t\t<\/div>\n\t\t\t\t<div class=\"elementor-element elementor-element-69c4a8c1 elementor-align-center elementor-widget elementor-widget-button\" data-id=\"69c4a8c1\" data-element_type=\"widget\" data-widget_type=\"button.default\">\n\t\t\t\t<div class=\"elementor-widget-container\">\n\t\t\t\t\t<div class=\"elementor-button-wrapper\">\n\t\t\t<a class=\"elementor-button elementor-button-link elementor-size-sm\" href=\"https:\/\/contratodigitalcetc.com\/index.php\/contrato-de-mediacion-cetc\">\n\t\t\t\t\t\t<span class=\"elementor-button-content-wrapper\">\n\t\t\t\t\t\t\t\t\t<span class=\"elementor-button-text\">Firmar Contrato<\/span>\n\t\t\t\t\t<\/span>\n\t\t\t\t\t<\/a>\n\t\t<\/div>\n\t\t\t\t<\/div>\n\t\t\t\t<\/div>\n\t\t\t\t<\/div>\n\t\t<div class=\"elementor-element elementor-element-41868f28 e-con-full e-flex e-con e-child\" data-id=\"41868f28\" data-element_type=\"container\">\n\t\t\t\t<div class=\"elementor-element elementor-element-6e0b6589 elementor-widget elementor-widget-heading\" data-id=\"6e0b6589\" data-element_type=\"widget\" data-widget_type=\"heading.default\">\n\t\t\t\t<div class=\"elementor-widget-container\">\n\t\t\t<h2 class=\"elementor-heading-title elementor-size-default\">2.- Carta Autorizaci\u00f3n de Cobros<\/h2>\t\t<\/div>\n\t\t\t\t<\/div>\n\t\t\t\t<div class=\"elementor-element elementor-element-5173cd51 elementor-widget elementor-widget-image\" data-id=\"5173cd51\" data-element_type=\"widget\" data-widget_type=\"image.default\">\n\t\t\t\t<div class=\"elementor-widget-container\">\n\t\t\t\t\t\t\t\t\t\t\t\t\t<img decoding=\"async\" width=\"580\" height=\"580\" src=\"https:\/\/contratodigitalcetc.com\/wp-content\/uploads\/2024\/10\/ilustracion-concepto-consentimiento_114360-8739.avif\" class=\"attachment-large size-large wp-image-26\" alt=\"\" srcset=\"https:\/\/contratodigitalcetc.com\/wp-content\/uploads\/2024\/10\/ilustracion-concepto-consentimiento_114360-8739.avif 626w, https:\/\/contratodigitalcetc.com\/wp-content\/uploads\/2024\/10\/ilustracion-concepto-consentimiento_114360-8739-300x300.avif 300w, https:\/\/contratodigitalcetc.com\/wp-content\/uploads\/2024\/10\/ilustracion-concepto-consentimiento_114360-8739-150x150.avif 150w\" sizes=\"(max-width: 580px) 100vw, 580px\" \/>\t\t\t\t\t\t\t\t\t\t\t\t\t<\/div>\n\t\t\t\t<\/div>\n\t\t\t\t<div class=\"elementor-element elementor-element-4cde81b6 elementor-align-center elementor-widget elementor-widget-button\" data-id=\"4cde81b6\" data-element_type=\"widget\" data-widget_type=\"button.default\">\n\t\t\t\t<div class=\"elementor-widget-container\">\n\t\t\t\t\t<div class=\"elementor-button-wrapper\">\n\t\t\t<a class=\"elementor-button elementor-button-link elementor-size-sm\" href=\"https:\/\/contratodigitalcetc.com\/index.php\/carta-autorizacion-de-cobros\/\">\n\t\t\t\t\t\t<span class=\"elementor-button-content-wrapper\">\n\t\t\t\t\t\t\t\t\t<span class=\"elementor-button-text\">Firmar Autorizaci\u00f3n<\/span>\n\t\t\t\t\t<\/span>\n\t\t\t\t\t<\/a>\n\t\t<\/div>\n\t\t\t\t<\/div>\n\t\t\t\t<\/div>\n\t\t\t\t<\/div>\n\t\t\t\t\t<\/div>\n\t\t\t\t<\/div>\n\t\t<div class=\"elementor-element elementor-element-dbc0d8a e-flex e-con-boxed e-con e-parent\" data-id=\"dbc0d8a\" data-element_type=\"container\" data-settings=\"{&quot;background_background&quot;:&quot;classic&quot;}\">\n\t\t\t\t\t<div class=\"e-con-inner\">\n\t\t\t\t<div class=\"elementor-element elementor-element-9fbd125 elementor-widget elementor-widget-spacer\" data-id=\"9fbd125\" data-element_type=\"widget\" data-widget_type=\"spacer.default\">\n\t\t\t\t<div class=\"elementor-widget-container\">\n\t\t\t\t\t<div class=\"elementor-spacer\">\n\t\t\t<div class=\"elementor-spacer-inner\"><\/div>\n\t\t<\/div>\n\t\t\t\t<\/div>\n\t\t\t\t<\/div>\n\t\t\t\t<div class=\"elementor-element elementor-element-ff84ed7 elementor-widget elementor-widget-heading\" data-id=\"ff84ed7\" data-element_type=\"widget\" data-widget_type=\"heading.default\">\n\t\t\t\t<div class=\"elementor-widget-container\">\n\t\t\t<h2 class=\"elementor-heading-title elementor-size-default\">SOLICITUD DE RESERVA<\/h2>\t\t<\/div>\n\t\t\t\t<\/div>\n\t\t\t\t\t<\/div>\n\t\t\t\t<\/div>\n\t\t<div class=\"elementor-element elementor-element-c412e2f e-flex e-con-boxed e-con e-parent\" data-id=\"c412e2f\" data-element_type=\"container\" data-settings=\"{&quot;background_background&quot;:&quot;classic&quot;}\">\n\t\t\t\t\t<div class=\"e-con-inner\">\n\t\t<div class=\"elementor-element elementor-element-d38b9d0 e-con-full e-flex e-con e-child\" data-id=\"d38b9d0\" data-element_type=\"container\">\n\t\t\t\t<\/div>\n\t\t<div class=\"elementor-element elementor-element-26264a6 e-con-full e-flex e-con e-child\" data-id=\"26264a6\" data-element_type=\"container\">\n\t\t<div class=\"elementor-element elementor-element-d28b37c e-con-full e-flex e-con e-child\" data-id=\"d28b37c\" data-element_type=\"container\">\n\t\t\t\t<div class=\"elementor-element elementor-element-8b9c04e elementor-widget elementor-widget-heading\" data-id=\"8b9c04e\" data-element_type=\"widget\" data-widget_type=\"heading.default\">\n\t\t\t\t<div class=\"elementor-widget-container\">\n\t\t\t<h2 class=\"elementor-heading-title elementor-size-default\">Firmar Solicitud de Reserva<\/h2>\t\t<\/div>\n\t\t\t\t<\/div>\n\t\t\t\t<div class=\"elementor-element elementor-element-e1a5957 elementor-widget elementor-widget-image\" data-id=\"e1a5957\" data-element_type=\"widget\" data-widget_type=\"image.default\">\n\t\t\t\t<div class=\"elementor-widget-container\">\n\t\t\t\t\t\t\t\t\t\t\t\t\t<img loading=\"lazy\" decoding=\"async\" width=\"580\" height=\"456\" src=\"https:\/\/contratodigitalcetc.com\/wp-content\/uploads\/2025\/07\/reserva-hotel-personas-pequenas-buscan-eligen-hotel-o-apartamento-linea-solicitud-reserva_501813-852.avif\" class=\"attachment-large size-large wp-image-900\" alt=\"\" srcset=\"https:\/\/contratodigitalcetc.com\/wp-content\/uploads\/2025\/07\/reserva-hotel-personas-pequenas-buscan-eligen-hotel-o-apartamento-linea-solicitud-reserva_501813-852.avif 626w, https:\/\/contratodigitalcetc.com\/wp-content\/uploads\/2025\/07\/reserva-hotel-personas-pequenas-buscan-eligen-hotel-o-apartamento-linea-solicitud-reserva_501813-852-300x236.avif 300w\" sizes=\"(max-width: 580px) 100vw, 580px\" \/>\t\t\t\t\t\t\t\t\t\t\t\t\t<\/div>\n\t\t\t\t<\/div>\n\t\t\t\t<div class=\"elementor-element elementor-element-2e35608 elementor-align-center elementor-widget elementor-widget-button\" data-id=\"2e35608\" data-element_type=\"widget\" data-widget_type=\"button.default\">\n\t\t\t\t<div class=\"elementor-widget-container\">\n\t\t\t\t\t<div class=\"elementor-button-wrapper\">\n\t\t\t<a class=\"elementor-button elementor-button-link elementor-size-sm\" href=\"https:\/\/contratodigitalcetc.com\/index.php\/solicitud-de-reserva-es\/\">\n\t\t\t\t\t\t<span class=\"elementor-button-content-wrapper\">\n\t\t\t\t\t\t\t\t\t<span class=\"elementor-button-text\">Firmar Contrato<\/span>\n\t\t\t\t\t<\/span>\n\t\t\t\t\t<\/a>\n\t\t<\/div>\n\t\t\t\t<\/div>\n\t\t\t\t<\/div>\n\t\t\t\t<\/div>\n\t\t\t\t<\/div>\n\t\t<div class=\"elementor-element elementor-element-c443726 e-con-full e-flex e-con e-child\" data-id=\"c443726\" data-element_type=\"container\">\n\t\t\t\t<\/div>\n\t\t\t\t\t<\/div>\n\t\t\t\t<\/div>\n\t\t<div class=\"elementor-element elementor-element-fb10f02 e-flex e-con-boxed e-con e-parent\" data-id=\"fb10f02\" data-element_type=\"container\" data-settings=\"{&quot;background_background&quot;:&quot;classic&quot;}\">\n\t\t\t\t\t<div class=\"e-con-inner\">\n\t\t\t\t<div class=\"elementor-element elementor-element-87e45b7 elementor-widget elementor-widget-spacer\" data-id=\"87e45b7\" data-element_type=\"widget\" data-widget_type=\"spacer.default\">\n\t\t\t\t<div class=\"elementor-widget-container\">\n\t\t\t\t\t<div class=\"elementor-spacer\">\n\t\t\t<div class=\"elementor-spacer-inner\"><\/div>\n\t\t<\/div>\n\t\t\t\t<\/div>\n\t\t\t\t<\/div>\n\t\t<div class=\"elementor-element elementor-element-f904836 e-con-full e-flex e-con e-child\" data-id=\"f904836\" data-element_type=\"container\" data-settings=\"{&quot;background_background&quot;:&quot;classic&quot;}\">\n\t\t\t\t<div class=\"elementor-element elementor-element-1b4848e elementor-widget elementor-widget-text-editor\" data-id=\"1b4848e\" data-element_type=\"widget\" data-widget_type=\"text-editor.default\">\n\t\t\t\t<div class=\"elementor-widget-container\">\n\t\t\t\t\t\t\t<p>Todos los Derechos Reservados | <span style=\"color: #ffffff;\"><a style=\"color: #ffffff;\" href=\"https:\/\/contratodigitalcetc.com\/index.php\/aviso-de-privacidad-cetc\/\">Aviso de Privacidad<\/a><\/span><\/p>\t\t\t\t\t\t<\/div>\n\t\t\t\t<\/div>\n\t\t\t\t<\/div>\n\t\t\t\t\t<\/div>\n\t\t\t\t<\/div>\n\t\t\t\t<\/div>\n\t\t","protected":false},"excerpt":{"rendered":"<p>Home English Proceso de Firmas de Contratos 1.- Contrato de Mediaci\u00f3n CETC Firmar Contrato 2.- Carta Autorizaci\u00f3n de Cobros Firmar Autorizaci\u00f3n SOLICITUD DE RESERVA Firmar Solicitud de Reserva Firmar Contrato Todos los Derechos Reservados | Aviso de Privacidad<\/p>\n","protected":false},"author":1,"featured_media":0,"parent":0,"menu_order":0,"comment_status":"closed","ping_status":"closed","template":"elementor_canvas","meta":{"footnotes":""},"class_list":["post-18","page","type-page","status-publish","hentry"],"_links":{"self":[{"href":"https:\/\/contratodigitalcetc.com\/index.php\/wp-json\/wp\/v2\/pages\/18","targetHints":{"allow":["GET"]}}],"collection":[{"href":"https:\/\/contratodigitalcetc.com\/index.php\/wp-json\/wp\/v2\/pages"}],"about":[{"href":"https:\/\/contratodigitalcetc.com\/index.php\/wp-json\/wp\/v2\/types\/page"}],"author":[{"embeddable":true,"href":"https:\/\/contratodigitalcetc.com\/index.php\/wp-json\/wp\/v2\/users\/1"}],"replies":[{"embeddable":true,"href":"https:\/\/contratodigitalcetc.com\/index.php\/wp-json\/wp\/v2\/comments?post=18"}],"version-history":[{"count":55,"href":"https:\/\/contratodigitalcetc.com\/index.php\/wp-json\/wp\/v2\/pages\/18\/revisions"}],"predecessor-version":[{"id":903,"href":"https:\/\/contratodigitalcetc.com\/index.php\/wp-json\/wp\/v2\/pages\/18\/revisions\/903"}],"wp:attachment":[{"href":"https:\/\/contratodigitalcetc.com\/index.php\/wp-json\/wp\/v2\/media?parent=18"}],"curies":[{"name":"wp","href":"https:\/\/api.w.org\/{rel}","templated":true}]}}